{"id":141,"date":"2025-01-30T10:50:13","date_gmt":"2025-01-30T09:50:13","guid":{"rendered":"https:\/\/meditation-bretagne.fr\/?page_id=141"},"modified":"2025-01-30T11:00:52","modified_gmt":"2025-01-30T10:00:52","slug":"article-la-chronique-meditation-pleine-conscience-care-in-loc","status":"publish","type":"page","link":"https:\/\/meditation-bretagne.fr\/index.php\/article-la-chronique-meditation-pleine-conscience-care-in-loc\/","title":{"rendered":"Article La Chronique M\u00e9ditation Pleine Conscience \u00e0 Care In Loc"},"content":{"rendered":"<p>Article sur la M\u00e9ditation Pleine Conscience \u00e0 Foug\u00e8res<\/p>\n<p><img loading=\"lazy\" decoding=\"async\" class=\"alignnone wp-image-140 size-large\" src=\"http:\/\/meditation-bretagne.fr\/wp-content\/uploads\/2025\/01\/meditation-pleine-conscience-fougeres-390x1024.webp\" alt=\"\" width=\"390\" height=\"1024\" srcset=\"https:\/\/meditation-bretagne.fr\/wp-content\/uploads\/2025\/01\/meditation-pleine-conscience-fougeres-390x1024.webp 390w, https:\/\/meditation-bretagne.fr\/wp-content\/uploads\/2025\/01\/meditation-pleine-conscience-fougeres-114x300.webp 114w, https:\/\/meditation-bretagne.fr\/wp-content\/uploads\/2025\/01\/meditation-pleine-conscience-fougeres.webp 610w\" sizes=\"auto, (max-width: 390px) 100vw, 390px\" \/><\/p>\n","protected":false},"excerpt":{"rendered":"<p>Article sur la M\u00e9ditation Pleine Conscience \u00e0 Foug\u00e8res<\/p>\n","protected":false},"author":1,"featured_media":0,"parent":0,"menu_order":0,"comment_status":"closed","ping_status":"closed","template":"","meta":{"footnotes":""},"class_list":["post-141","page","type-page","status-publish","hentry"],"_links":{"self":[{"href":"https:\/\/meditation-bretagne.fr\/index.php\/wp-json\/wp\/v2\/pages\/141","targetHints":{"allow":["GET"]}}],"collection":[{"href":"https:\/\/meditation-bretagne.fr\/index.php\/wp-json\/wp\/v2\/pages"}],"about":[{"href":"https:\/\/meditation-bretagne.fr\/index.php\/wp-json\/wp\/v2\/types\/page"}],"author":[{"embeddable":true,"href":"https:\/\/meditation-bretagne.fr\/index.php\/wp-json\/wp\/v2\/users\/1"}],"replies":[{"embeddable":true,"href":"https:\/\/meditation-bretagne.fr\/index.php\/wp-json\/wp\/v2\/comments?post=141"}],"version-history":[{"count":2,"href":"https:\/\/meditation-bretagne.fr\/index.php\/wp-json\/wp\/v2\/pages\/141\/revisions"}],"predecessor-version":[{"id":143,"href":"https:\/\/meditation-bretagne.fr\/index.php\/wp-json\/wp\/v2\/pages\/141\/revisions\/143"}],"wp:attachment":[{"href":"https:\/\/meditation-bretagne.fr\/index.php\/wp-json\/wp\/v2\/media?parent=141"}],"curies":[{"name":"wp","href":"https:\/\/api.w.org\/{rel}","templated":true}]}}