{"id":100,"date":"2025-01-08T18:03:00","date_gmt":"2025-01-08T17:03:00","guid":{"rendered":"https:\/\/meditation-bretagne.fr\/?page_id=100"},"modified":"2025-01-08T18:03:51","modified_gmt":"2025-01-08T17:03:51","slug":"qui-somme-nous","status":"publish","type":"page","link":"https:\/\/meditation-bretagne.fr\/index.php\/qui-somme-nous\/","title":{"rendered":"Qui somme nous"},"content":{"rendered":"\r\n<p><strong>L&rsquo;association Quintessence <\/strong>: <br \/>Cette association a pour objet, l&rsquo;\u00e9tude, l&rsquo;\u00e9change et la mise en pratique des sciences humaines li\u00e9es \u00e0 l&rsquo;esprit.<br \/>Elle \u0153uvre dans le domaine de la connaissance, de la compr\u00e9hension et de ses diff\u00e9rents courants et m\u00e9thodes qui cherchent \u00e0 conna\u00eetre l&rsquo;esprit humain.<br \/>Elle publie et diffuse ses recherches sous diff\u00e9rentes formes de supports.<br \/>Elle participe et organise des s\u00e9minaires et rencontres dans le but fixer par l&rsquo;association.<\/p>\r\n<p><img loading=\"lazy\" decoding=\"async\" class=\"alignnone size-full wp-image-53\" src=\"http:\/\/meditation-bretagne.fr\/wp-content\/uploads\/2024\/12\/contact.webp\" alt=\"\" width=\"300\" height=\"75\" \/><\/p>\r\n","protected":false},"excerpt":{"rendered":"<p>L&rsquo;association Quintessence : Cette association a pour objet, l&rsquo;\u00e9tude, l&rsquo;\u00e9change et la mise en pratique des sciences humaines li\u00e9es \u00e0 l&rsquo;esprit.Elle \u0153uvre dans le domaine de la connaissance, de la compr\u00e9hension et de ses diff\u00e9rents courants et m\u00e9thodes qui cherchent \u00e0 conna\u00eetre l&rsquo;esprit humain.Elle publie et diffuse ses recherches sous diff\u00e9rentes formes de supports.Elle participe [&hellip;]<\/p>\n","protected":false},"author":1,"featured_media":0,"parent":0,"menu_order":0,"comment_status":"closed","ping_status":"closed","template":"","meta":{"footnotes":""},"class_list":["post-100","page","type-page","status-publish","hentry"],"_links":{"self":[{"href":"https:\/\/meditation-bretagne.fr\/index.php\/wp-json\/wp\/v2\/pages\/100","targetHints":{"allow":["GET"]}}],"collection":[{"href":"https:\/\/meditation-bretagne.fr\/index.php\/wp-json\/wp\/v2\/pages"}],"about":[{"href":"https:\/\/meditation-bretagne.fr\/index.php\/wp-json\/wp\/v2\/types\/page"}],"author":[{"embeddable":true,"href":"https:\/\/meditation-bretagne.fr\/index.php\/wp-json\/wp\/v2\/users\/1"}],"replies":[{"embeddable":true,"href":"https:\/\/meditation-bretagne.fr\/index.php\/wp-json\/wp\/v2\/comments?post=100"}],"version-history":[{"count":2,"href":"https:\/\/meditation-bretagne.fr\/index.php\/wp-json\/wp\/v2\/pages\/100\/revisions"}],"predecessor-version":[{"id":103,"href":"https:\/\/meditation-bretagne.fr\/index.php\/wp-json\/wp\/v2\/pages\/100\/revisions\/103"}],"wp:attachment":[{"href":"https:\/\/meditation-bretagne.fr\/index.php\/wp-json\/wp\/v2\/media?parent=100"}],"curies":[{"name":"wp","href":"https:\/\/api.w.org\/{rel}","templated":true}]}}